{"id":20,"date":"2023-08-25T20:53:20","date_gmt":"2023-08-25T18:53:20","guid":{"rendered":"https:\/\/www.mcwuragu.de\/?page_id=20"},"modified":"2023-11-26T18:18:30","modified_gmt":"2023-11-26T17:18:30","slug":"about-me","status":"publish","type":"page","link":"https:\/\/www.mcwuragu.de\/?page_id=20","title":{"rendered":"About me"},"content":{"rendered":"\n<p><strong><br>Ich bin McWuragu, ein 45-j\u00e4hriger YouTuber und Let&#8217;s Player aus F\u00fcrth, Deutschland. Ich bin in der ehemaligen DDR geboren und habe dort meine Kindheit und Jugend verbracht.<\/strong><\/p>\n\n\n\n<p><strong>Ich bin ein Kind der 80er Jahre und bin mit Videospielen aufgewachsen. Ich habe mit dem C64 angefangen und dann den Amiga 600 gespielt. Mein erster PC war dann ein 486. Zwischendurch war auch mal ein GameBoy mein Lieblingsspielzeug. Sp\u00e4ter kamen auch noch LANs dazu und eine Xbox 360, so wie eine Xbox One.<\/strong><\/p>\n\n\n\n<p><strong>Videospiele waren f\u00fcr mich immer ein wichtiger Teil meines Lebens. Sie haben mir geholfen, mich von der Realit\u00e4t abzulenken und in andere Welten einzutauchen. Sie haben mir auch geholfen, neue Freunde zu finden und mit anderen Menschen in Kontakt zu treten.<\/strong><\/p>\n\n\n\n<p><strong>Als ich \u00e4lter wurde, habe ich angefangen, Videos zu drehen und zu schneiden. Ich habe Videos \u00fcber meine Lieblingsspiele gemacht und sie auf YouTube hochgeladen. Ich habe schnell gemerkt, dass ich Spa\u00df daran habe, Videos zu machen und anderen Menschen zu zeigen, was ich liebe.<\/strong><\/p>\n\n\n\n<p><strong>2017 habe ich meinen eigenen YouTube-Kanal gestartet. Seitdem habe ich \u00fcber 100 Videos ver\u00f6ffentlicht, in denen ich verschiedene Videospiele spiele und bewerte. Ich habe Let&#8217;s Plays, Reviews, Tutorials und vieles mehr gemacht.<\/strong><\/p>\n\n\n\n<p><strong>Ich liebe es, mit meinen Videos Menschen zu unterhalten und ihnen neue Spiele zu zeigen. Ich m\u00f6chte mit meiner Arbeit dazu beitragen, die Videospielkultur zu f\u00f6rdern.<\/strong><\/p>\n\n\n\n<p><strong>Auf meinem Kanal findet ihr Let&#8217;s Plays und Reviews zu allen m\u00f6glichen Videospielen, von Retro bis Klassiker \u00fcber Trash. Ich m\u00f6chte euch zeigen, dass Videospiele nicht nur ernst sein m\u00fcssen, sondern auch Spa\u00df machen k\u00f6nnen.<\/strong><\/p>\n\n\n\n<p><strong>Ich bin ein offener und kommunikativer Mensch, der gerne mit anderen \u00fcber Videospiele spricht. Ich freue mich, wenn ihr mich auf meinem Kanal besucht und mit mir interagiert.<\/strong><\/p>\n","protected":false},"excerpt":{"rendered":"<p>Ich bin McWuragu, ein 45-j\u00e4hriger YouTuber und Let&#8217;s Player aus F\u00fcrth, Deutschland. Ich bin in der ehemaligen DDR geboren und<\/p>\n","protected":false},"author":1,"featured_media":0,"parent":0,"menu_order":0,"comment_status":"closed","ping_status":"closed","template":"","meta":{"footnotes":""},"class_list":["post-20","page","type-page","status-publish","hentry"],"jetpack_sharing_enabled":true,"_links":{"self":[{"href":"https:\/\/www.mcwuragu.de\/index.php?rest_route=\/wp\/v2\/pages\/20","targetHints":{"allow":["GET"]}}],"collection":[{"href":"https:\/\/www.mcwuragu.de\/index.php?rest_route=\/wp\/v2\/pages"}],"about":[{"href":"https:\/\/www.mcwuragu.de\/index.php?rest_route=\/wp\/v2\/types\/page"}],"author":[{"embeddable":true,"href":"https:\/\/www.mcwuragu.de\/index.php?rest_route=\/wp\/v2\/users\/1"}],"replies":[{"embeddable":true,"href":"https:\/\/www.mcwuragu.de\/index.php?rest_route=%2Fwp%2Fv2%2Fcomments&post=20"}],"version-history":[{"count":2,"href":"https:\/\/www.mcwuragu.de\/index.php?rest_route=\/wp\/v2\/pages\/20\/revisions"}],"predecessor-version":[{"id":28,"href":"https:\/\/www.mcwuragu.de\/index.php?rest_route=\/wp\/v2\/pages\/20\/revisions\/28"}],"wp:attachment":[{"href":"https:\/\/www.mcwuragu.de\/index.php?rest_route=%2Fwp%2Fv2%2Fmedia&parent=20"}],"curies":[{"name":"wp","href":"https:\/\/api.w.org\/{rel}","templated":true}]}}